{"id":99,"date":"2019-07-12T17:22:44","date_gmt":"2019-07-12T15:22:44","guid":{"rendered":"http:\/\/stage-luthier-vendee.fr\/?page_id=99"},"modified":"2025-09-04T11:13:13","modified_gmt":"2025-09-04T09:13:13","slug":"stages","status":"publish","type":"page","link":"https:\/\/stage-luthier-vendee.fr\/?page_id=99","title":{"rendered":"Stages TRAVAIL du BOIS"},"content":{"rendered":"\n<figure class=\"wp-block-gallery has-nested-images columns-5 is-cropped wp-block-gallery-1 is-layout-flex wp-block-gallery-is-layout-flex\">\n<figure class=\"wp-block-image size-large\"><img loading=\"lazy\" decoding=\"async\" width=\"1024\" height=\"614\" data-id=\"81\" src=\"https:\/\/stage-luthier-vendee.fr\/wp-content\/uploads\/2019\/07\/Reportage-Lutherie-128-1024x614.jpg\" alt=\"\" class=\"wp-image-81\"\/><\/figure>\n\n\n\n<figure class=\"wp-block-image size-large\"><img loading=\"lazy\" decoding=\"async\" width=\"1024\" height=\"614\" data-id=\"78\" src=\"https:\/\/stage-luthier-vendee.fr\/wp-content\/uploads\/2019\/07\/Reportage-Lutherie-109-1024x614.jpg\" alt=\"rabots de lutherie\" class=\"wp-image-78\"\/><figcaption class=\"wp-element-caption\">Rabots de lutherie<\/figcaption><\/figure>\n\n\n\n<figure class=\"wp-block-image size-large\"><img loading=\"lazy\" decoding=\"async\" width=\"684\" height=\"1024\" data-id=\"249\" src=\"https:\/\/stage-luthier-vendee.fr\/wp-content\/uploads\/2020\/02\/planchette-filete\u0301e-e1580851455189-684x1024.jpg\" alt=\"\" class=\"wp-image-249\"\/><figcaption class=\"wp-element-caption\">Planchette filet\u00e9e<\/figcaption><\/figure>\n\n\n\n<figure class=\"wp-block-image size-large\"><img loading=\"lazy\" decoding=\"async\" width=\"481\" height=\"686\" data-id=\"257\" src=\"https:\/\/stage-luthier-vendee.fr\/wp-content\/uploads\/2020\/02\/Arbre-a\u0300-musique-bois-2020-02.png\" alt=\"\" class=\"wp-image-257\" srcset=\"https:\/\/stage-luthier-vendee.fr\/wp-content\/uploads\/2020\/02\/Arbre-a\u0300-musique-bois-2020-02.png 481w, https:\/\/stage-luthier-vendee.fr\/wp-content\/uploads\/2020\/02\/Arbre-a\u0300-musique-bois-2020-02-210x300.png 210w\" sizes=\"(max-width: 481px) 100vw, 481px\" \/><figcaption class=\"wp-element-caption\">Arbre \u00e0 musique<\/figcaption><\/figure>\n\n\n\n<figure class=\"wp-block-image size-large\"><img loading=\"lazy\" decoding=\"async\" width=\"534\" height=\"800\" data-id=\"299\" src=\"https:\/\/stage-luthier-vendee.fr\/wp-content\/uploads\/2020\/08\/Stagiaire-2020-1.jpg\" alt=\"\" class=\"wp-image-299\" srcset=\"https:\/\/stage-luthier-vendee.fr\/wp-content\/uploads\/2020\/08\/Stagiaire-2020-1.jpg 534w, https:\/\/stage-luthier-vendee.fr\/wp-content\/uploads\/2020\/08\/Stagiaire-2020-1-200x300.jpg 200w\" sizes=\"(max-width: 534px) 100vw, 534px\" \/><\/figure>\n<\/figure>\n\n\n\n<h1 class=\"wp-block-heading has-text-color has-link-color wp-elements-2fc13fc9312be83ada8b6634f60c16b0\" style=\"color:#c48f27\"><strong>Nouveaut\u00e9s pr\u00e9vues<\/strong>&#8230; pour apr\u00e8s les travaux<\/h1>\n\n\n\n<p class=\"has-black-color has-text-color has-link-color wp-elements-6e5ac8766f99d889cb30d6a38d3684ec\">Fabrication d&rsquo;un <strong>cale-pique<\/strong> de violoncelle Z\u00c9RO PLASTIQUE en bois et cuir <\/p>\n\n\n\n<p>D\u00e9coupe et fa\u00e7onnage d&rsquo;une<strong> feuille d&rsquo;arbre<\/strong> (en bois bien s\u00fbr) et fabrication du support<\/p>\n\n\n\n<div style=\"height:32px\" aria-hidden=\"true\" class=\"wp-block-spacer\"><\/div>\n\n\n\n<p class=\"has-text-color has-medium-font-size\" style=\"color:#c48f27\"><strong>DATES<\/strong> des stages<\/p>\n\n\n\n<p class=\"has-vivid-purple-color has-text-color has-link-color wp-elements-2e38ebbe6168661afc5c3044601f7215\"><strong>Il n&rsquo;y aura pas de stages en 2025 et 2026 en raison des travaux. <\/strong><\/p>\n\n\n\n<h1 class=\"wp-block-heading has-text-color\" style=\"color:#c48f27\"><strong>Fabrication<\/strong> d&rsquo;un ARBRE \u00e0 MUSIQUE<\/h1>\n\n\n<div class=\"wp-block-image\">\n<figure class=\"aligncenter size-large is-resized\"><img loading=\"lazy\" decoding=\"async\" width=\"481\" height=\"686\" src=\"https:\/\/stage-luthier-vendee.fr\/wp-content\/uploads\/2020\/02\/Arbre-a\u0300-musique-bois-2020-02.png\" alt=\"\" class=\"wp-image-257\" style=\"width:241px;height:343px\" srcset=\"https:\/\/stage-luthier-vendee.fr\/wp-content\/uploads\/2020\/02\/Arbre-a\u0300-musique-bois-2020-02.png 481w, https:\/\/stage-luthier-vendee.fr\/wp-content\/uploads\/2020\/02\/Arbre-a\u0300-musique-bois-2020-02-210x300.png 210w\" sizes=\"(max-width: 481px) 100vw, 481px\" \/><figcaption class=\"wp-element-caption\">Arbre \u00e0 musique<\/figcaption><\/figure><\/div>\n\n\n<p>Fabrication d\u2019un <strong>arbre \u00e0 musique<\/strong> avec les outils traditionnels du luthier. Ce stage vous permet de vous familiariser avec les outils du luthier ET de repartir avec un bel objet utile que vous aurez fabriqu\u00e9.<\/p>\n\n\n\n<p><br><strong>Aucun pr\u00e9-requis<\/strong>. Bienveillance et simplicit\u00e9 sont de mise pour ce stage de d\u00e9couverte du travail du bois en toute s\u00e9curit\u00e9.<\/p>\n\n\n\n<p>Chaque stagiaire arrive avec son (petit ou gros) bagage technique, c\u2019est pour cela que les stages sont toujours <strong>\u00ab&nbsp;sur-mesure&nbsp;\u00bb<\/strong>. Je conseille et j\u2019<strong>adapte<\/strong> le contenu pour que chaque <strong>stagiaire<\/strong> se sente \u00e0 l\u2019aise et progresse !<\/p>\n\n\n\n<p><strong>Tarif et r\u00e9servation :<\/strong><\/p>\n\n\n\n<p><strong><em>R\u00e9servation par t\u00e9l\u00e9phone au 02 49 85 21 12 ou par e-mail lapocheaviolons@gmail.com<\/em><\/strong><\/p>\n\n\n\n<p><br>Adulte &#8211; journ\u00e9e compl\u00e8te &#8211; <strong>150  \u20ac<\/strong> par personne &#8211; ce tarif ne compte pas le m\u00e9canisme*. <\/p>\n\n\n\n<p>Vous pouvez venir en duo (grands)parents-enfants au tarif total de 280 \u20ac.<\/p>\n\n\n\n<p>3 participants maximum<\/p>\n\n\n\n<p>*M\u00e9canisme : Vous pouvez fournir vous-m\u00eame le m\u00e9canisme musical \u00e0 ressort. Si vous souhaitez que je le fournisse, ajoutez 19 euros pour un m\u00e9canisme suisse Reuge \/ 45 euros pour un m\u00e9canisme suisse Jobin (haut de gamme du m\u00e9canisme au son cristallin). S\u00e9lection de m\u00e9lodies disponibles le jour du stage.<\/p>\n\n\n\n<p><br><\/p>\n\n\n\n<p><strong>Les ARBRES \u00e0 MUSIQUE sont aussi en vente \u00e0 l&rsquo;atelier&#8230;<\/strong><\/p>\n\n\n\n<div style=\"height:47px\" aria-hidden=\"true\" class=\"wp-block-spacer\"><\/div>\n\n\n\n<h1 class=\"wp-block-heading has-text-color\" style=\"color:#c48f27\"><strong>STAGE de d\u00e9couverte du bois et des outils du luthier<\/strong> \/ prochaine session en pr\u00e9paration<\/h1>\n\n\n\n<p class=\"has-text-align-center has-text-color has-medium-font-size\" style=\"color:#c48f27\"> = 20 heures sur une semaine pendant les vacances scolaires <\/p>\n\n\n\n<p><\/p>\n\n\n\n<p>Chaque stagiaire arrive avec son (petit ou gros) bagage technique, c\u2019est pour cela que les stages sont toujours <strong>\u00ab&nbsp;sur-mesure&nbsp;\u00bb<\/strong>. Je conseille et j\u2019<strong>adapte<\/strong> le contenu pour que chaque <strong>stagiaire<\/strong> se sente \u00e0 l\u2019aise et progresse ! <strong>Plusieurs formules sont possibles <\/strong>:<\/p>\n\n\n\n<p class=\"has-text-color has-medium-font-size\" style=\"color:#c48f27\">ENFANT de 6 \u00e0 11 ans<\/p>\n\n\n\n<p>D\u00e9couverte des outils et de la mati\u00e8re (bois) en toute s\u00e9curit\u00e9. Fabrication d&rsquo;un objet si l&rsquo;enfant le souhaite. Tarif pr\u00e9f\u00e9rentiel (voir \u00e0 la fin).<\/p>\n\n\n\n<p class=\"has-text-color has-medium-font-size\" style=\"color:#c48f27\">ENFANT de 12 \u00e0 19 ans<\/p>\n\n\n\n<figure class=\"wp-block-gallery has-nested-images columns-4 is-cropped wp-block-gallery-2 is-layout-flex wp-block-gallery-is-layout-flex\">\n<figure class=\"wp-block-image size-large\"><img loading=\"lazy\" decoding=\"async\" width=\"534\" height=\"800\" data-id=\"300\" src=\"https:\/\/stage-luthier-vendee.fr\/wp-content\/uploads\/2020\/08\/Stagiaire-2020-2.jpg\" alt=\"\" class=\"wp-image-300\" srcset=\"https:\/\/stage-luthier-vendee.fr\/wp-content\/uploads\/2020\/08\/Stagiaire-2020-2.jpg 534w, https:\/\/stage-luthier-vendee.fr\/wp-content\/uploads\/2020\/08\/Stagiaire-2020-2-200x300.jpg 200w\" sizes=\"(max-width: 534px) 100vw, 534px\" \/><\/figure>\n\n\n\n<figure class=\"wp-block-image size-large\"><img loading=\"lazy\" decoding=\"async\" width=\"367\" height=\"1024\" data-id=\"301\" src=\"https:\/\/stage-luthier-vendee.fr\/wp-content\/uploads\/2020\/08\/canif-e1597747307675-367x1024.jpg\" alt=\"\" class=\"wp-image-301\" srcset=\"https:\/\/stage-luthier-vendee.fr\/wp-content\/uploads\/2020\/08\/canif-e1597747307675-367x1024.jpg 367w, https:\/\/stage-luthier-vendee.fr\/wp-content\/uploads\/2020\/08\/canif-e1597747307675-107x300.jpg 107w, https:\/\/stage-luthier-vendee.fr\/wp-content\/uploads\/2020\/08\/canif-e1597747307675.jpg 576w\" sizes=\"(max-width: 367px) 100vw, 367px\" \/><figcaption class=\"wp-element-caption\">Canif de luthier<\/figcaption><\/figure>\n\n\n\n<figure class=\"wp-block-image size-large\"><img loading=\"lazy\" decoding=\"async\" width=\"435\" height=\"1024\" data-id=\"248\" src=\"https:\/\/stage-luthier-vendee.fr\/wp-content\/uploads\/2020\/02\/demi-planchette-e1580851510293-435x1024.jpg\" alt=\"\" class=\"wp-image-248\"\/><figcaption class=\"wp-element-caption\">Demi-planchette<\/figcaption><\/figure>\n\n\n\n<figure class=\"wp-block-image size-large\"><img loading=\"lazy\" decoding=\"async\" width=\"534\" height=\"800\" data-id=\"299\" src=\"https:\/\/stage-luthier-vendee.fr\/wp-content\/uploads\/2020\/08\/Stagiaire-2020-1.jpg\" alt=\"\" class=\"wp-image-299\" srcset=\"https:\/\/stage-luthier-vendee.fr\/wp-content\/uploads\/2020\/08\/Stagiaire-2020-1.jpg 534w, https:\/\/stage-luthier-vendee.fr\/wp-content\/uploads\/2020\/08\/Stagiaire-2020-1-200x300.jpg 200w\" sizes=\"(max-width: 534px) 100vw, 534px\" \/><\/figure>\n<\/figure>\n\n\n\n<p>D\u00e9couverte des outils et de la mati\u00e8re (bois) en toute s\u00e9curit\u00e9. Fabrication d&rsquo;un objet : planchette de luthier, arbre \u00e0 musique, canif (outil de coupe) &#8211; voir le d\u00e9tail des objets ci-apr\u00e8s. Durant le stage, je peux donner des conseils sur la formation de luthier, parler de l&rsquo;histoire des instruments et tout autre sujet relatif \u00e0 ce m\u00e9tier. Tarif pr\u00e9f\u00e9rentiel (voir \u00e0 la fin).<\/p>\n\n\n\n<p class=\"has-text-color has-medium-font-size\" style=\"color:#c48f27\">ADULTE \u00e0 partir de 20 ans<\/p>\n\n\n\n<p>D\u00e9couverte des outils et de la mati\u00e8re (bois) en toute s\u00e9curit\u00e9. Fabrication d&rsquo;un objet : planchette de luthier, arbre \u00e0 musique, canif (outil de coupe)voir le d\u00e9tail des objets ci-apr\u00e8s. Durant le stage, je peux donner des conseils sur la formation de luthier, parler de l&rsquo;histoire des instruments et tout autre sujet relatif \u00e0 ce m\u00e9tier. Tarif : \u00e0 la fin de cet article.<\/p>\n\n\n\n<p><\/p>\n\n\n\n<p class=\"has-text-color has-large-font-size\" style=\"color:#c48f27\"><strong>TRAVAUX PROPOS\u00c9S aux stagiaires<\/strong><\/p>\n\n\n\n<p class=\"has-text-color has-medium-font-size\" style=\"color:#c48f27\">PLANCHETTE de luthier en forme de 1\/2 violon<\/p>\n\n\n\n<figure class=\"wp-block-gallery has-nested-images columns-default is-cropped wp-block-gallery-3 is-layout-flex wp-block-gallery-is-layout-flex\">\n<figure class=\"wp-block-image size-large\"><img loading=\"lazy\" decoding=\"async\" width=\"435\" height=\"1024\" data-id=\"248\" src=\"https:\/\/stage-luthier-vendee.fr\/wp-content\/uploads\/2020\/02\/demi-planchette-e1580851510293-435x1024.jpg\" alt=\"\" class=\"wp-image-248\"\/><figcaption class=\"wp-element-caption\">Demi-planchette<\/figcaption><\/figure>\n\n\n\n<figure class=\"wp-block-image size-large\"><img loading=\"lazy\" decoding=\"async\" width=\"684\" height=\"1024\" data-id=\"249\" src=\"https:\/\/stage-luthier-vendee.fr\/wp-content\/uploads\/2020\/02\/planchette-filete\u0301e-e1580851455189-684x1024.jpg\" alt=\"\" class=\"wp-image-249\"\/><figcaption class=\"wp-element-caption\">Planchette filet\u00e9e<\/figcaption><\/figure>\n\n\n\n<figure class=\"wp-block-image size-large\"><img loading=\"lazy\" decoding=\"async\" width=\"1024\" height=\"768\" data-id=\"45\" src=\"https:\/\/stage-luthier-vendee.fr\/wp-content\/uploads\/2019\/07\/P1040757-1024x768.jpg\" alt=\"\" class=\"wp-image-45\"\/><figcaption class=\"wp-element-caption\">Outils<\/figcaption><\/figure>\n<\/figure>\n\n\n\n<p><strong><em>Outils utilis\u00e9s :<\/em><\/strong> scie fine \u00e0 chantourner, canif, pointe \u00e0 tracer, lime, rabot, canif fin,  chignole, canif \u00e0 mortaise, trusquin, fer \u00e0 plier, colle <\/p>\n\n\n\n<p><strong><em>Travail effectu\u00e9 : <\/em><\/strong>trac\u00e9 et d\u00e9coupe du contour de la planchette \u00e0 partir du contour d&rsquo;un violon, ouverture de l&rsquo;f, ouverture de la mortaise de filet et filetage<\/p>\n\n\n\n<div style=\"height:43px\" aria-hidden=\"true\" class=\"wp-block-spacer\"><\/div>\n\n\n\n<p class=\"has-text-color has-medium-font-size\" style=\"color:#c48f27\">Fabrication d&rsquo;un CANIF de luthier<\/p>\n\n\n\n<figure class=\"wp-block-image\"><img loading=\"lazy\" decoding=\"async\" width=\"1024\" height=\"367\" src=\"https:\/\/stage-luthier-vendee.fr\/wp-content\/uploads\/2020\/08\/canif-1-e1597748277977-1024x367.jpg\" alt=\"\" class=\"wp-image-312\" srcset=\"https:\/\/stage-luthier-vendee.fr\/wp-content\/uploads\/2020\/08\/canif-1-e1597748277977-1024x367.jpg 1024w, https:\/\/stage-luthier-vendee.fr\/wp-content\/uploads\/2020\/08\/canif-1-e1597748277977-300x107.jpg 300w, https:\/\/stage-luthier-vendee.fr\/wp-content\/uploads\/2020\/08\/canif-1-e1597748277977-768x275.jpg 768w, https:\/\/stage-luthier-vendee.fr\/wp-content\/uploads\/2020\/08\/canif-1-e1597748277977.jpg 1608w\" sizes=\"(max-width: 767px) 89vw, (max-width: 1000px) 54vw, (max-width: 1071px) 543px, 580px\" \/><\/figure>\n\n\n\n<p><strong><em>Outils utilis\u00e9s :<\/em><\/strong> scie, lime, rabot, compas d&rsquo;\u00e9paisseur, \u00e9tau, presses, colle, vernis<\/p>\n\n\n\n<p><strong><em>Travail effectu\u00e9 :<\/em><\/strong>  tra\u00e7age et d\u00e9coupe des planchettes \u00e0 la scie \u00e0 chantourner, mise d&rsquo;\u00e9paisseur des planchettes au rabot, collage, finition du manche adapt\u00e9 en fonction de la main du stagiaire, pon\u00e7age, vernissage.<\/p>\n\n\n\n<p><\/p>\n\n\n\n<p class=\"has-text-color has-large-font-size\" style=\"color:#c48f27\"><strong>TARIFS<\/strong> ENFANT \/ ADULTE<\/p>\n\n\n\n<p>Je propose un <strong>Tarif ENFANT <\/strong>(de 6 \u00e0 18 ans) pour la semaine de <strong>20 heures<\/strong><\/p>\n\n\n\n<p>TARIF ENFANT = <strong>\u00e2ge x 20 \u20ac<\/strong> (soit pour un enfant de 12 ans = 12 x 20 \u20ac = 240 \u20ac \/ enfant de 18 ans = 18 x 20 \u20ac = 360 \u20ac)<\/p>\n\n\n\n<p><strong>Tarif ADULTE \u00e0 partir de 20 ans <\/strong>pour la semaine de <strong>20 heures<\/strong> =<strong> 399 \u20ac <\/strong><\/p>\n\n\n\n<p class=\"has-text-color\" style=\"color:#c48f27\"><strong>Pour les fabrications de bo\u00eete \u00e0 musique et du canif, le prix des accessoires n\u00e9cessaires est factur\u00e9 en sus du stage &#8211; \u00e0 prix co\u00fbtant.<\/strong><\/p>\n\n\n\n<p>M\u00e9canisme de bo\u00eete \u00e0 musique : 19 \u20ac ou 45 \u20ac <em>selon le mod\u00e8le choisi<\/em> \/ Lame de canif : 20 \u20ac<\/p>\n\n\n\n<figure class=\"wp-block-image\"><img loading=\"lazy\" decoding=\"async\" width=\"990\" height=\"742\" src=\"https:\/\/stage-luthier-vendee.fr\/wp-content\/uploads\/2020\/08\/Arbre-et-Me\u0301canisme-Reuge-1.jpg\" alt=\"\" class=\"wp-image-318\" srcset=\"https:\/\/stage-luthier-vendee.fr\/wp-content\/uploads\/2020\/08\/Arbre-et-Me\u0301canisme-Reuge-1.jpg 990w, https:\/\/stage-luthier-vendee.fr\/wp-content\/uploads\/2020\/08\/Arbre-et-Me\u0301canisme-Reuge-1-300x225.jpg 300w, https:\/\/stage-luthier-vendee.fr\/wp-content\/uploads\/2020\/08\/Arbre-et-Me\u0301canisme-Reuge-1-768x576.jpg 768w\" sizes=\"(max-width: 767px) 89vw, (max-width: 1000px) 54vw, (max-width: 1071px) 543px, 580px\" \/><\/figure>\n\n\n\n<p><em><strong>Tarif pr\u00e9f\u00e9rentiel pour les r\u00e9servations pour 2 personnes<\/strong> : 20\u20ac offerts pour le deuxi\u00e8me stagiaire \u00e0 condition de faire la r\u00e9servation simultan\u00e9ment.<\/em><\/p>\n\n\n\n<p class=\"has-text-color has-medium-font-size\" style=\"color:#c48f27\"><strong>DATES<\/strong><\/p>\n\n\n\n<p class=\"has-luminous-vivid-orange-color has-text-color\"><em> Merci de r\u00e9server \u00e0 l&rsquo;avance car le nombre de places est limit\u00e9 (3 stagiaires maximum pour me permettre de vous offrir \u00e0 chacun toute mon attention).<\/em><\/p>\n\n\n\n<p class=\"has-vivid-purple-color has-text-color has-link-color wp-elements-736006c093daf11a01d66e12c19c54e4\"><strong>ll n&rsquo;y aura pas de stages en 2025 et 2026 en raison des travaux.<\/strong><\/p>\n\n\n\n<p><\/p>\n\n\n\n<p><\/p>\n\n\n\n<figure class=\"wp-block-gallery has-nested-images columns-default is-cropped wp-block-gallery-4 is-layout-flex wp-block-gallery-is-layout-flex\">\n<figure class=\"wp-block-image size-large\"><img loading=\"lazy\" decoding=\"async\" width=\"1024\" height=\"615\" data-id=\"87\" src=\"https:\/\/stage-luthier-vendee.fr\/wp-content\/uploads\/2019\/07\/Reportage-Lutherie-146-1024x615.jpg\" alt=\"\" class=\"wp-image-87\"\/><\/figure>\n\n\n\n<figure class=\"wp-block-image size-large\"><img loading=\"lazy\" decoding=\"async\" width=\"1024\" height=\"617\" data-id=\"82\" src=\"https:\/\/stage-luthier-vendee.fr\/wp-content\/uploads\/2019\/07\/Reportage-Lutherie-129-1024x617.jpg\" alt=\"pr\u00e9paration d\u2019une pi\u00e8ce pour le boitocelle\" class=\"wp-image-82\"\/><\/figure>\n\n\n\n<figure class=\"wp-block-image size-large\"><img loading=\"lazy\" decoding=\"async\" width=\"1024\" height=\"615\" data-id=\"77\" src=\"https:\/\/stage-luthier-vendee.fr\/wp-content\/uploads\/2019\/07\/Reportage-Lutherie-104-1024x615.jpg\" alt=\"\" class=\"wp-image-77\" srcset=\"https:\/\/stage-luthier-vendee.fr\/wp-content\/uploads\/2019\/07\/Reportage-Lutherie-104-1024x615.jpg 1024w, https:\/\/stage-luthier-vendee.fr\/wp-content\/uploads\/2019\/07\/Reportage-Lutherie-104-300x180.jpg 300w, https:\/\/stage-luthier-vendee.fr\/wp-content\/uploads\/2019\/07\/Reportage-Lutherie-104-768x462.jpg 768w, https:\/\/stage-luthier-vendee.fr\/wp-content\/uploads\/2019\/07\/Reportage-Lutherie-104.jpg 2000w\" sizes=\"(max-width: 767px) 89vw, (max-width: 1000px) 54vw, (max-width: 1071px) 543px, 580px\" \/><\/figure>\n<\/figure>\n","protected":false},"excerpt":{"rendered":"<p>Nouveaut\u00e9s pr\u00e9vues&#8230; pour apr\u00e8s les travaux Fabrication d&rsquo;un cale-pique de violoncelle Z\u00c9RO PLASTIQUE en bois et cuir D\u00e9coupe et fa\u00e7onnage d&rsquo;une feuille d&rsquo;arbre (en bois bien s\u00fbr) et fabrication du support DATES des stages Il n&rsquo;y aura pas de stages en 2025 et 2026 en raison des travaux. Fabrication d&rsquo;un ARBRE \u00e0 MUSIQUE Fabrication d\u2019un &hellip; <\/p>\n<p class=\"link-more\"><a href=\"https:\/\/stage-luthier-vendee.fr\/?page_id=99\" class=\"more-link\">Continuer la lecture<span class=\"screen-reader-text\"> de &laquo;&nbsp;Stages TRAVAIL du BOIS&nbsp;&raquo;<\/span><\/a><\/p>\n","protected":false},"author":1,"featured_media":0,"parent":0,"menu_order":0,"comment_status":"closed","ping_status":"closed","template":"","meta":{"footnotes":""},"class_list":["post-99","page","type-page","status-publish","hentry"],"_links":{"self":[{"href":"https:\/\/stage-luthier-vendee.fr\/index.php?rest_route=\/wp\/v2\/pages\/99"}],"collection":[{"href":"https:\/\/stage-luthier-vendee.fr\/index.php?rest_route=\/wp\/v2\/pages"}],"about":[{"href":"https:\/\/stage-luthier-vendee.fr\/index.php?rest_route=\/wp\/v2\/types\/page"}],"author":[{"embeddable":true,"href":"https:\/\/stage-luthier-vendee.fr\/index.php?rest_route=\/wp\/v2\/users\/1"}],"replies":[{"embeddable":true,"href":"https:\/\/stage-luthier-vendee.fr\/index.php?rest_route=%2Fwp%2Fv2%2Fcomments&post=99"}],"version-history":[{"count":117,"href":"https:\/\/stage-luthier-vendee.fr\/index.php?rest_route=\/wp\/v2\/pages\/99\/revisions"}],"predecessor-version":[{"id":566,"href":"https:\/\/stage-luthier-vendee.fr\/index.php?rest_route=\/wp\/v2\/pages\/99\/revisions\/566"}],"wp:attachment":[{"href":"https:\/\/stage-luthier-vendee.fr\/index.php?rest_route=%2Fwp%2Fv2%2Fmedia&parent=99"}],"curies":[{"name":"wp","href":"https:\/\/api.w.org\/{rel}","templated":true}]}}