{"id":8,"date":"2019-07-08T00:18:11","date_gmt":"2019-07-07T22:18:11","guid":{"rendered":"http:\/\/stage-luthier-vendee.fr\/?page_id=8"},"modified":"2025-09-04T10:52:26","modified_gmt":"2025-09-04T08:52:26","slug":"accueil","status":"publish","type":"page","link":"https:\/\/stage-luthier-vendee.fr\/","title":{"rendered":"Accueil"},"content":{"rendered":"\n<div class=\"wp-block-media-text alignwide is-stacked-on-mobile is-vertically-aligned-top\" style=\"grid-template-columns:44% auto\"><figure class=\"wp-block-media-text__media\"><img loading=\"lazy\" decoding=\"async\" width=\"300\" height=\"180\" src=\"https:\/\/stage-luthier-vendee.fr\/wp-content\/uploads\/2019\/08\/Stage-Musicien-300x180.jpg\" alt=\"musiciens apprenant \u00e0 changer une corde\" class=\"wp-image-128 size-full\"\/><\/figure><div class=\"wp-block-media-text__content\">\n<p>Vous \u00eates <strong>musicien<\/strong> et vous souhaitez gagner en <strong>autonomie<\/strong> avec votre instrument (violon &#8211; alto &#8211; violoncelle) ? Savoir changer une corde et vous accorder ? De 10 \u00e0 90 ans, choisissez un <a href=\"https:\/\/stage-luthier-vendee.fr\/?page_id=131\">stage \u00ab\u00a0musicien\u00a0\u00bb<\/a>&nbsp; !<\/p>\n<\/div><\/div>\n\n\n\n<div class=\"wp-block-media-text alignwide is-stacked-on-mobile is-vertically-aligned-top\" style=\"grid-template-columns:44% auto\"><figure class=\"wp-block-media-text__media\"><img loading=\"lazy\" decoding=\"async\" width=\"512\" height=\"512\" src=\"https:\/\/stage-luthier-vendee.fr\/wp-content\/uploads\/2019\/07\/cropped-Reportage-Lutherie-109.jpg\" alt=\"\" class=\"wp-image-94 size-full\" srcset=\"https:\/\/stage-luthier-vendee.fr\/wp-content\/uploads\/2019\/07\/cropped-Reportage-Lutherie-109.jpg 512w, https:\/\/stage-luthier-vendee.fr\/wp-content\/uploads\/2019\/07\/cropped-Reportage-Lutherie-109-150x150.jpg 150w, https:\/\/stage-luthier-vendee.fr\/wp-content\/uploads\/2019\/07\/cropped-Reportage-Lutherie-109-300x300.jpg 300w, https:\/\/stage-luthier-vendee.fr\/wp-content\/uploads\/2019\/07\/cropped-Reportage-Lutherie-109-100x100.jpg 100w, https:\/\/stage-luthier-vendee.fr\/wp-content\/uploads\/2019\/07\/cropped-Reportage-Lutherie-109-270x270.jpg 270w, https:\/\/stage-luthier-vendee.fr\/wp-content\/uploads\/2019\/07\/cropped-Reportage-Lutherie-109-192x192.jpg 192w, https:\/\/stage-luthier-vendee.fr\/wp-content\/uploads\/2019\/07\/cropped-Reportage-Lutherie-109-180x180.jpg 180w, https:\/\/stage-luthier-vendee.fr\/wp-content\/uploads\/2019\/07\/cropped-Reportage-Lutherie-109-32x32.jpg 32w\" sizes=\"(max-width: 512px) 100vw, 512px\" \/><\/figure><div class=\"wp-block-media-text__content\">\n<p>D\u00e9couvrir le <strong>travail du bois<\/strong> ? Pour le plaisir ou pour d\u00e9couvrir un m\u00e9tier ? Apprendre \u00e0 <strong>manier les outils<\/strong> de l&rsquo;\u00e9b\u00e9niste et du <strong>luthier<\/strong> ? Vous plonger dans l&rsquo;univers de l&rsquo;<strong>artisanat d&rsquo;art<\/strong>, seul ou en famille&#8230; De 10 \u00e0 90 ans, les <a href=\"https:\/\/stage-luthier-vendee.fr\/?page_id=99\">stages BOIS<\/a> sont faits pour vous !<\/p>\n<\/div><\/div>\n\n\n\n<blockquote class=\"wp-block-quote is-layout-flow wp-block-quote-is-layout-flow\">\n<div style=\"height:20px\" aria-hidden=\"true\" class=\"wp-block-spacer\"><\/div>\n\n\n\n<p class=\"has-text-align-center\" style=\"font-size:16px\">Un joli moment de partage, sous le signe de la bienveillance et de la p\u00e9dagogie. Anne-Lise nous apporte avec beaucoup de gentillesse ses connaissances th\u00e9oriques, pratiques, et m\u00eame historiques. On ne voit pas le temps passer et on en ressort avec le sentiment d&rsquo;avoir un peu plus rencontr\u00e9 son instrument et plus confiant face aux \u00ab\u00a0al\u00e9as techniques\u00a0\u00bb. Un grand merci \u00e0 Anne-Lise de nous permettre de consolider et approfondir ce lien si particulier qui peut r\u00e9unir un musicien \u00e0 son instrument\u00a0\u00bb par M.G &#8211; stage Musicien &#8211; 11\/2023<\/p>\n<\/blockquote>\n\n\n\n<p><\/p>\n","protected":false},"excerpt":{"rendered":"<p>Vous \u00eates musicien et vous souhaitez gagner en autonomie avec votre instrument (violon &#8211; alto &#8211; violoncelle) ? Savoir changer une corde et vous accorder ? De 10 \u00e0 90 ans, choisissez un stage \u00ab\u00a0musicien\u00a0\u00bb&nbsp; ! D\u00e9couvrir le travail du bois ? Pour le plaisir ou pour d\u00e9couvrir un m\u00e9tier ? Apprendre \u00e0 manier les &hellip; <\/p>\n<p class=\"link-more\"><a href=\"https:\/\/stage-luthier-vendee.fr\/\" class=\"more-link\">Continuer la lecture<span class=\"screen-reader-text\"> de &laquo;&nbsp;Accueil&nbsp;&raquo;<\/span><\/a><\/p>\n","protected":false},"author":1,"featured_media":0,"parent":0,"menu_order":0,"comment_status":"closed","ping_status":"closed","template":"","meta":{"footnotes":""},"class_list":["post-8","page","type-page","status-publish","hentry"],"_links":{"self":[{"href":"https:\/\/stage-luthier-vendee.fr\/index.php?rest_route=\/wp\/v2\/pages\/8"}],"collection":[{"href":"https:\/\/stage-luthier-vendee.fr\/index.php?rest_route=\/wp\/v2\/pages"}],"about":[{"href":"https:\/\/stage-luthier-vendee.fr\/index.php?rest_route=\/wp\/v2\/types\/page"}],"author":[{"embeddable":true,"href":"https:\/\/stage-luthier-vendee.fr\/index.php?rest_route=\/wp\/v2\/users\/1"}],"replies":[{"embeddable":true,"href":"https:\/\/stage-luthier-vendee.fr\/index.php?rest_route=%2Fwp%2Fv2%2Fcomments&post=8"}],"version-history":[{"count":31,"href":"https:\/\/stage-luthier-vendee.fr\/index.php?rest_route=\/wp\/v2\/pages\/8\/revisions"}],"predecessor-version":[{"id":550,"href":"https:\/\/stage-luthier-vendee.fr\/index.php?rest_route=\/wp\/v2\/pages\/8\/revisions\/550"}],"wp:attachment":[{"href":"https:\/\/stage-luthier-vendee.fr\/index.php?rest_route=%2Fwp%2Fv2%2Fmedia&parent=8"}],"curies":[{"name":"wp","href":"https:\/\/api.w.org\/{rel}","templated":true}]}}