{"id":131,"date":"2019-08-23T11:00:56","date_gmt":"2019-08-23T09:00:56","guid":{"rendered":"http:\/\/stage-luthier-vendee.fr\/?page_id=131"},"modified":"2025-09-04T11:05:59","modified_gmt":"2025-09-04T09:05:59","slug":"stage-musicien","status":"publish","type":"page","link":"https:\/\/stage-luthier-vendee.fr\/?page_id=131","title":{"rendered":"Stages MUSICIENS"},"content":{"rendered":"\n<p class=\"has-text-align-center has-text-color has-medium-font-size\" style=\"color:#c48f27\">Stage 1 <strong>\u00ab\u00a0Les bases de l&rsquo;entretien\u00a0\u00bb<\/strong><\/p>\n\n\n\n<p class=\"has-text-align-center has-text-color has-medium-font-size\" style=\"color:#c48f27\">Stage 2 <strong>\u00ab\u00a0R\u00e9viser mon violon, alto ou violoncelle\u00a0\u00bb<\/strong><\/p>\n\n\n\n<p class=\"has-text-align-center\"><img decoding=\"async\" class=\"wp-image-136\" style=\"width: 150px;\" src=\"https:\/\/stage-luthier-vendee.fr\/wp-content\/uploads\/2019\/08\/enfiler-au-cordier.jpg\" alt=\"enfiler une corde dans le cordier\">    <img loading=\"lazy\" decoding=\"async\" width=\"150\" height=\"106\" class=\"wp-image-156\" style=\"width: 150px;\" src=\"https:\/\/stage-luthier-vendee.fr\/wp-content\/uploads\/2019\/08\/Te\u0302te-de-violoncelle-au-trait.png\" alt=\"T\u00eate de violoncelle - cr\u00e9dit A. Mabire 2008\">   <img decoding=\"async\" class=\"wp-image-150\" style=\"width: 150px;\" src=\"https:\/\/stage-luthier-vendee.fr\/wp-content\/uploads\/2019\/08\/tirer-sur-la-corde.jpg\" alt=\"Enfiler la corde dans la cheville\"><\/p>\n\n\n\n<hr class=\"wp-block-separator has-alpha-channel-opacity is-style-wide\"\/>\n\n\n\n<p class=\"has-text-align-center has-medium-font-size\">Stage <strong>LES BASES DE L&rsquo;ENTRETIEN<\/strong> : <strong>changer une corde<\/strong>, s&rsquo;accorder, <strong>prendre soin<\/strong> de son violon, alto ou violoncelle<\/p>\n\n\n<div class=\"wp-block-image\">\n<figure class=\"aligncenter size-large is-resized\"><img loading=\"lazy\" decoding=\"async\" width=\"1024\" height=\"614\" src=\"https:\/\/stage-luthier-vendee.fr\/wp-content\/uploads\/2019\/08\/Stage-Musicien-1024x614.jpg\" alt=\"musiciens apprenant \u00e0 changer une corde\" class=\"wp-image-128\" style=\"width:256px;height:154px\"\/><\/figure><\/div>\n\n\n<p class=\"has-text-align-left\">Durant ce stage, je vous transmets les <strong>gestes essentiels<\/strong> n\u00e9cessaires \u00e0 votre <strong>autonomie musicale<\/strong>. Et je r\u00e9ponds aussi avec plaisir \u00e0 toutes les questions autour des instruments \u00e0 cordes et de <a href=\"https:\/\/stage-luthier-vendee.fr\/?page_id=9\">mon m\u00e9tier<\/a>.<\/p>\n\n\n\n<div style=\"height:20px\" aria-hidden=\"true\" class=\"wp-block-spacer\"><\/div>\n\n\n\n<blockquote class=\"wp-block-quote is-layout-flow wp-block-quote-is-layout-flow\">\n<p class=\"has-text-align-center\">Lors du stage \u00ab entretien \u00bb avec Anne-Lise, nous avons appris, en duo m\u00e8re et fille, une bonne quantit\u00e9 de secrets, de trucs et d\u2019astuces concernant nos instruments. Nous nous sentons d\u00e9sormais plus autonomes en cas de probl\u00e8me ! Merci pour ce stage premiers secours ;)) \u2013 nov. 2023 \u2013 M.C.<\/p>\n<\/blockquote>\n\n\n\n<p><strong>Contenu du stage :<\/strong><\/p>\n\n\n\n<p>1 &#8211; Une <strong>partie th\u00e9orique<\/strong> : rappel sur les diff\u00e9rentes <a href=\"http:\/\/luthiers-sur-yon.fr\/cmsmse\/index.php?page=guide-du-jeune-musicien\">parties de l\u2019instrument et leur r\u00f4le,<\/a> puis  explication sur le soin quotidien\/hebdomadaire \u00e0 l\u2019instrument. <\/p>\n\n\n\n<p>2 &#8211; Une <strong>partie pratique<\/strong> : le nettoyage du violon, de l&rsquo;alto ou du violoncelle, le <a href=\"http:\/\/luthiers-sur-yon.fr\/cmsmse\/index.php?page=accorder\">changement d\u2019une corde<\/a>, le <a href=\"http:\/\/luthiers-sur-yon.fr\/cmsmse\/index.php?page=accorder\">graissage  des chevilles<\/a> et les notions de base de l\u2019accord (chevilles\/tendeurs\/accordeur). Apr\u00e8s la d\u00e9monstration, chaque musicien s\u2019occupe lui-m\u00eame de son instrument, sous ma supervision.<\/p>\n\n\n<div class=\"wp-block-image\">\n<figure class=\"aligncenter size-large is-resized\"><img decoding=\"async\" src=\"https:\/\/stage-luthier-vendee.fr\/wp-content\/uploads\/2019\/08\/enfiler-au-cordier.jpg\" alt=\"enfiler une corde dans le cordier\" class=\"wp-image-136\" style=\"width:250px;height:167px\"\/><figcaption class=\"wp-element-caption\">Changer une corde de violon<\/figcaption><\/figure><\/div>\n\n\n<p>3 &#8211; <strong>Deux fascicules<\/strong> aide-m\u00e9moire remis \u00e0 la fin du stage : <\/p>\n\n\n\n<p><em><a href=\"https:\/\/lapocheaviolons.fr\/?page_id=418\">Le Guide du Jeune Musicien <\/a>\u2013 Prendre soin de son violon, alto, violoncelle<\/em> <\/p>\n\n\n\n<p><em><a href=\"https:\/\/lapocheaviolons.fr\/?page_id=449\">Accorder mon instrument<\/a> \u2013 Cordes, chevilles, etc. <\/em><\/p>\n\n\n\n<p>***<br><strong>Dur\u00e9e 2h00<\/strong> &#8211; <strong>Tarif 20 \u20ac<\/strong> par stagiaire<\/p>\n\n\n\n<p><strong>Dates<\/strong> des prochains stages en Vend\u00e9e : <\/p>\n\n\n\n<p>8 <strong>octobre  2025 &#8211; 14.15 \u00e0 16.15 &#8211; sur inscription<\/strong><\/p>\n\n\n\n<p>Vous \u00eates int\u00e9ress\u00e9s pour \u00eatre tenu au courant des prochaines dates : <a href=\"https:\/\/stage-luthier-vendee.fr\/?page_id=10\">contactez-moi<\/a><\/p>\n\n\n\n<p>Accessible aux musiciens de <strong>10 \u00e0 90 ans<\/strong> y compris d\u00e9butants. J&rsquo;accueille un maximum de 8 personnes. La participation \u00e0 cet atelier se fait sur <strong>INSCRIPTION<\/strong> : <a href=\"https:\/\/stage-luthier-vendee.fr\/?page_id=10\">contactez-moi ici<\/a>.<\/p>\n\n\n\n<p><\/p>\n\n\n<div class=\"wp-block-image\">\n<figure class=\"aligncenter size-large is-resized\"><img decoding=\"async\" src=\"https:\/\/stage-luthier-vendee.fr\/wp-content\/uploads\/2019\/08\/tirer-sur-la-corde.jpg\" alt=\"Enfiler la corde dans la cheville\" class=\"wp-image-150\" style=\"width:250px;height:167px\"\/><figcaption class=\"wp-element-caption\">Retendre une corde de violon<\/figcaption><\/figure><\/div>\n\n\n<h3 class=\"wp-block-heading has-text-align-center has-text-color\" style=\"color:#c48f27\">Vous repr\u00e9sentez une <strong>\u00e9cole de musique<\/strong> ou un ensemble de musiciens, je  peux me d\u00e9placer pour <strong>animer<\/strong> un atelier <strong>dans vos locaux<\/strong> &#8211; date \u00e0 votre convenance ! <a href=\"https:\/\/stage-luthier-vendee.fr\/?page_id=10\">Contactez-moi<\/a> \u00e0 ce sujet.<\/h3>\n\n\n\n<div style=\"height:52px\" aria-hidden=\"true\" class=\"wp-block-spacer\"><\/div>\n\n\n\n<hr class=\"wp-block-separator has-alpha-channel-opacity\"\/>\n\n\n\n<p class=\"has-medium-font-size\">Stage <strong>\u00ab\u00a0R\u00e9viser mon violon, alto ou violoncelle\u00a0\u00bb<\/strong> : faites-le vous m\u00eame&#8230; mais pas tout seul !<\/p>\n\n\n<div class=\"wp-block-image\">\n<figure class=\"aligncenter\"><img loading=\"lazy\" decoding=\"async\" width=\"260\" height=\"183\" src=\"https:\/\/stage-luthier-vendee.fr\/wp-content\/uploads\/2019\/08\/Te\u0302te-de-violoncelle-au-trait.png\" alt=\"T\u00eate de violoncelle - cr\u00e9dit A. Mabire 2008\" class=\"wp-image-156\"\/><figcaption class=\"wp-element-caption\">Volute de la t\u00eate de violoncelle &#8211; cr\u00e9dit A. Mabire 2008<\/figcaption><\/figure><\/div>\n\n\n<p>Je vous accueille \u00e0 l&rsquo;atelier pendant quelques heures pour que vous fassiez vous-m\u00eame la r\u00e9vision annuelle de votre instrument.<\/p>\n\n\n\n<p><strong>Contenu du stage :<\/strong><\/p>\n\n\n\n<p>1 &#8211; <strong>V\u00e9rification compl\u00e8te<\/strong> de l&rsquo;instrument par le musicien et moi-m\u00eame<\/p>\n\n\n\n<p>2 &#8211; <strong>Op\u00e9rations de \u00ab\u00a0maintenance\u00a0\u00bb<\/strong> : graissage de chevilles, remise en place du chevalet, nettoyage, polish de la poign\u00e9e, recollages,&#8230; effectu\u00e9es par le musicien avec mes conseils<\/p>\n\n\n\n<p>3 &#8211; <strong>Op\u00e9rations techniques<\/strong> (si besoin) : hauteur de chevalet, r\u00e9glage d&rsquo;\u00e2me, raccords de vernis&#8230; effectu\u00e9es sous votre regard par mes mains habiles !<\/p>\n\n\n\n<p>Durant tout cet atelier, je r\u00e9ponds avec plaisir aux questions qui surviennent lors de la pratique.<\/p>\n\n\n<div class=\"wp-block-image\">\n<figure class=\"aligncenter size-full\"><img loading=\"lazy\" decoding=\"async\" width=\"384\" height=\"267\" src=\"https:\/\/stage-luthier-vendee.fr\/wp-content\/uploads\/2023\/06\/chevalet-guide.png\" alt=\"\" class=\"wp-image-457\" srcset=\"https:\/\/stage-luthier-vendee.fr\/wp-content\/uploads\/2023\/06\/chevalet-guide.png 384w, https:\/\/stage-luthier-vendee.fr\/wp-content\/uploads\/2023\/06\/chevalet-guide-300x209.png 300w\" sizes=\"(max-width: 384px) 100vw, 384px\" \/><figcaption class=\"wp-element-caption\">Chevalet de violon<\/figcaption><\/figure><\/div>\n\n\n<p>***<\/p>\n\n\n\n<p><strong>Dur\u00e9e 4h <\/strong> &#8211; <strong>Tarif <\/strong>: prix habituel d&rsquo;une r\u00e9vision (80 \u00e0 120 euros pour un violon \/ alto &#8211; 120 \u00e0 160 euros pour un violoncelle)<\/p>\n\n\n\n<p><strong>Dates<\/strong> des prochains stages en Vend\u00e9e : <\/p>\n\n\n\n<ul class=\"wp-block-list\">\n<li>samedi 23 ao\u00fbt 2025  de 9h \u00e0 13h &#8211; reste 1 place<\/li>\n\n\n\n<li>samedi 11 janvier 2025 &#8211; COMPLET<\/li>\n\n\n\n<li>samedi 16 novembre 2024 de 9h \u00e0 13h &#8211; reste 2 places<\/li>\n<\/ul>\n\n\n\n<p>Vous \u00eates int\u00e9ress\u00e9s pour \u00eatre tenu au courant des prochaines dates : <a href=\"https:\/\/stage-luthier-vendee.fr\/?page_id=10\">contactez-moi<\/a><\/p>\n\n\n\n<p>Accessible aux musiciens de <strong>15 \u00e0 90 ans<\/strong> y compris d\u00e9butants. Le <strong>nombre de places est limit\u00e9<\/strong> \u00e0 2 personnes, la participation \u00e0 cet atelier se fait sur <strong>INSCRIPTION<\/strong> : <a href=\"https:\/\/stage-luthier-vendee.fr\/?page_id=10\">contactez-moi ici<\/a>.<\/p>\n\n\n<div class=\"wp-block-image\">\n<figure class=\"aligncenter size-large is-resized\"><img loading=\"lazy\" decoding=\"async\" width=\"1024\" height=\"768\" src=\"https:\/\/stage-luthier-vendee.fr\/wp-content\/uploads\/2019\/07\/P1040757-1024x768.jpg\" alt=\"\" class=\"wp-image-45\" style=\"width:256px;height:192px\"\/><\/figure><\/div>","protected":false},"excerpt":{"rendered":"<p>Stage 1 \u00ab\u00a0Les bases de l&rsquo;entretien\u00a0\u00bb Stage 2 \u00ab\u00a0R\u00e9viser mon violon, alto ou violoncelle\u00a0\u00bb Stage LES BASES DE L&rsquo;ENTRETIEN : changer une corde, s&rsquo;accorder, prendre soin de son violon, alto ou violoncelle Durant ce stage, je vous transmets les gestes essentiels n\u00e9cessaires \u00e0 votre autonomie musicale. Et je r\u00e9ponds aussi avec plaisir \u00e0 toutes les &hellip; <\/p>\n<p class=\"link-more\"><a href=\"https:\/\/stage-luthier-vendee.fr\/?page_id=131\" class=\"more-link\">Continuer la lecture<span class=\"screen-reader-text\"> de &laquo;&nbsp;Stages MUSICIENS&nbsp;&raquo;<\/span><\/a><\/p>\n","protected":false},"author":1,"featured_media":0,"parent":0,"menu_order":0,"comment_status":"closed","ping_status":"closed","template":"","meta":{"footnotes":""},"class_list":["post-131","page","type-page","status-publish","hentry"],"_links":{"self":[{"href":"https:\/\/stage-luthier-vendee.fr\/index.php?rest_route=\/wp\/v2\/pages\/131"}],"collection":[{"href":"https:\/\/stage-luthier-vendee.fr\/index.php?rest_route=\/wp\/v2\/pages"}],"about":[{"href":"https:\/\/stage-luthier-vendee.fr\/index.php?rest_route=\/wp\/v2\/types\/page"}],"author":[{"embeddable":true,"href":"https:\/\/stage-luthier-vendee.fr\/index.php?rest_route=\/wp\/v2\/users\/1"}],"replies":[{"embeddable":true,"href":"https:\/\/stage-luthier-vendee.fr\/index.php?rest_route=%2Fwp%2Fv2%2Fcomments&post=131"}],"version-history":[{"count":96,"href":"https:\/\/stage-luthier-vendee.fr\/index.php?rest_route=\/wp\/v2\/pages\/131\/revisions"}],"predecessor-version":[{"id":561,"href":"https:\/\/stage-luthier-vendee.fr\/index.php?rest_route=\/wp\/v2\/pages\/131\/revisions\/561"}],"wp:attachment":[{"href":"https:\/\/stage-luthier-vendee.fr\/index.php?rest_route=%2Fwp%2Fv2%2Fmedia&parent=131"}],"curies":[{"name":"wp","href":"https:\/\/api.w.org\/{rel}","templated":true}]}}