{"id":10,"date":"2019-07-08T00:18:11","date_gmt":"2019-07-07T22:18:11","guid":{"rendered":"http:\/\/stage-luthier-vendee.fr\/?page_id=10"},"modified":"2025-09-04T11:14:37","modified_gmt":"2025-09-04T09:14:37","slug":"contact","status":"publish","type":"page","link":"https:\/\/stage-luthier-vendee.fr\/?page_id=10","title":{"rendered":"Contact"},"content":{"rendered":"\n<figure class=\"wp-block-gallery has-nested-images columns-default is-cropped wp-block-gallery-1 is-layout-flex wp-block-gallery-is-layout-flex\">\n<figure class=\"wp-block-image size-large\"><img loading=\"lazy\" decoding=\"async\" width=\"1024\" height=\"617\" data-id=\"82\" src=\"https:\/\/stage-luthier-vendee.fr\/wp-content\/uploads\/2019\/07\/Reportage-Lutherie-129-1024x617.jpg\" alt=\"pr\u00e9paration d\u2019une pi\u00e8ce pour le boitocelle\" class=\"wp-image-82\"\/><\/figure>\n\n\n\n<figure class=\"wp-block-image size-large\"><img loading=\"lazy\" decoding=\"async\" width=\"1024\" height=\"614\" data-id=\"84\" src=\"https:\/\/stage-luthier-vendee.fr\/wp-content\/uploads\/2019\/07\/Reportage-Lutherie-137-1024x614.jpg\" alt=\"compas de pr\u00e9cision\" class=\"wp-image-84\"\/><\/figure>\n\n\n\n<figure class=\"wp-block-image size-large\"><img loading=\"lazy\" decoding=\"async\" width=\"1024\" height=\"614\" data-id=\"83\" src=\"https:\/\/stage-luthier-vendee.fr\/wp-content\/uploads\/2019\/07\/Reportage-Lutherie-131-1024x614.jpg\" alt=\"rabotage \u00e0 l\u2019\u00e9tabli d\u2019une pi\u00e8ce d\u2019\u00e9rable\" class=\"wp-image-83\"\/><\/figure>\n<\/figure>\n\n\n\n<div style=\"height:14px\" aria-hidden=\"true\" class=\"wp-block-spacer\"><\/div>\n\n\n\n<p>L&rsquo;atelier <a href=\"https:\/\/lapocheaviolons.fr\/\">La Poche \u00e0 Violons<\/a> est au :<strong> 17 rue Jacques Cartier &#8211; 85 000 La Roche sur Yon<\/strong>.<\/p>\n\n\n\n<p class=\"has-text-align-center\"><strong><span style=\"color: #dd9933;\">02 49 85 21 12 &#8211; lapocheaviolons@gmail.com<\/span><br><\/strong><\/p>\n\n\n\n<div style=\"height:17px\" aria-hidden=\"true\" class=\"wp-block-spacer\"><\/div>\n\n\n\n<p>Pour vous garantir le meilleur accueil, l&rsquo;atelier vous re\u00e7oit <strong>exclusivement sur rendez-vous.<\/strong><\/p>\n\n\n\n<p class=\"has-text-align-center\"><span style=\"color: #ff6600;\"><strong><em>Prenez rendez-vous AVANT de venir \u00e0 l&rsquo;atelier.<\/em><\/strong><\/span><\/p>\n\n\n\n<div style=\"height:15px\" aria-hidden=\"true\" class=\"wp-block-spacer\"><\/div>\n\n\n\n<p>Venir <span style=\"color: #008000;\"><strong>en bus<\/strong><\/span> \u00e0 l&rsquo;atelier : arr\u00eat Mermoz Ligne 3 \/ arr\u00eat Point du Jour Lignes 1 et 3.<\/p>\n\n\n\n<p>Venir <span style=\"color: #008000;\"><strong>en v\u00e9lo<\/strong><\/span> \u00e0 l&rsquo;atelier : je vous offre une place de stationnement s\u00e9curis\u00e9e \u00e0 l&rsquo;int\u00e9rieur du garage.<\/p>\n\n\n\n<p>Venir <span style=\"color: #008000;\"><strong>en train \/ en car<\/strong><\/span> \u00e0 La Roche sur Yon : ligne directe depuis Paris (TGV). L&rsquo;atelier est \u00e0 15 mn \u00e0 pied depuis la gare SNCF \/ gare routi\u00e8re.<\/p>\n\n\n\n<p>Venir <span style=\"color: #008000;\"><strong>en voiture<\/strong><\/span> \u00e0 l&rsquo;atelier : Vous pouvez stationner dans la rue (zone bleue), ou stationner rue Gutenberg (= route de Nantes) pour trouver facilement une place &#8211; vous serez juste \u00e0 3 mn \u00e0 pied de l&rsquo;atelier.<\/p>\n\n\n\n<p><\/p>\n","protected":false},"excerpt":{"rendered":"<p>L&rsquo;atelier La Poche \u00e0 Violons est au : 17 rue Jacques Cartier &#8211; 85 000 La Roche sur Yon. 02 49 85 21 12 &#8211; lapocheaviolons@gmail.com Pour vous garantir le meilleur accueil, l&rsquo;atelier vous re\u00e7oit exclusivement sur rendez-vous. Prenez rendez-vous AVANT de venir \u00e0 l&rsquo;atelier. Venir en bus \u00e0 l&rsquo;atelier : arr\u00eat Mermoz Ligne 3 &hellip; <\/p>\n<p class=\"link-more\"><a href=\"https:\/\/stage-luthier-vendee.fr\/?page_id=10\" class=\"more-link\">Continuer la lecture<span class=\"screen-reader-text\"> de &laquo;&nbsp;Contact&nbsp;&raquo;<\/span><\/a><\/p>\n","protected":false},"author":1,"featured_media":0,"parent":0,"menu_order":0,"comment_status":"closed","ping_status":"closed","template":"","meta":{"footnotes":""},"class_list":["post-10","page","type-page","status-publish","hentry"],"_links":{"self":[{"href":"https:\/\/stage-luthier-vendee.fr\/index.php?rest_route=\/wp\/v2\/pages\/10"}],"collection":[{"href":"https:\/\/stage-luthier-vendee.fr\/index.php?rest_route=\/wp\/v2\/pages"}],"about":[{"href":"https:\/\/stage-luthier-vendee.fr\/index.php?rest_route=\/wp\/v2\/types\/page"}],"author":[{"embeddable":true,"href":"https:\/\/stage-luthier-vendee.fr\/index.php?rest_route=\/wp\/v2\/users\/1"}],"replies":[{"embeddable":true,"href":"https:\/\/stage-luthier-vendee.fr\/index.php?rest_route=%2Fwp%2Fv2%2Fcomments&post=10"}],"version-history":[{"count":29,"href":"https:\/\/stage-luthier-vendee.fr\/index.php?rest_route=\/wp\/v2\/pages\/10\/revisions"}],"predecessor-version":[{"id":569,"href":"https:\/\/stage-luthier-vendee.fr\/index.php?rest_route=\/wp\/v2\/pages\/10\/revisions\/569"}],"wp:attachment":[{"href":"https:\/\/stage-luthier-vendee.fr\/index.php?rest_route=%2Fwp%2Fv2%2Fmedia&parent=10"}],"curies":[{"name":"wp","href":"https:\/\/api.w.org\/{rel}","templated":true}]}}